{"id":13827,"date":"2024-08-06T22:27:15","date_gmt":"2024-08-06T22:27:15","guid":{"rendered":"https:\/\/fincalaurraca.com\/2024\/?page_id=13827"},"modified":"2025-01-16T15:16:43","modified_gmt":"2025-01-16T15:16:43","slug":"politica-de-privacidad","status":"publish","type":"page","link":"https:\/\/fincalaurraca.com\/index.php\/politica-de-privacidad\/","title":{"rendered":"Politica de Privacidad"},"content":{"rendered":"\t\t<div data-elementor-type=\"wp-page\" data-elementor-id=\"13827\" class=\"elementor elementor-13827\">\n\t\t\t\t\t\t<section class=\"elementor-section elementor-top-section elementor-element elementor-element-5780d95 qodef-elementor-content-grid elementor-section-stretched elementor-section-boxed elementor-section-height-default elementor-section-height-default\" data-id=\"5780d95\" data-element_type=\"section\" data-e-type=\"section\" data-settings=\"{&quot;stretch_section&quot;:&quot;section-stretched&quot;,&quot;background_background&quot;:&quot;classic&quot;}\">\n\t\t\t\t\t\t<div class=\"elementor-container elementor-column-gap-default\">\n\t\t\t\t\t<div class=\"elementor-column elementor-col-50 elementor-top-column elementor-element elementor-element-845d147\" data-id=\"845d147\" data-element_type=\"column\" data-e-type=\"column\" data-settings=\"{&quot;background_background&quot;:&quot;classic&quot;}\">\n\t\t\t<div class=\"elementor-widget-wrap elementor-element-populated\">\n\t\t\t\t\t\t<div class=\"elementor-element elementor-element-dfa0d5a elementor-widget elementor-widget-heading\" data-id=\"dfa0d5a\" data-element_type=\"widget\" data-e-type=\"widget\" data-widget_type=\"heading.default\">\n\t\t\t\t<div class=\"elementor-widget-container\">\n\t\t\t\t\t<span class=\"elementor-heading-title elementor-size-default\">Pol\u00edtica de privacidad<\/span>\t\t\t\t<\/div>\n\t\t\t\t<\/div>\n\t\t\t\t<div class=\"elementor-element elementor-element-e3f10cb elementor-widget elementor-widget-text-editor\" data-id=\"e3f10cb\" data-element_type=\"widget\" data-e-type=\"widget\" data-widget_type=\"text-editor.default\">\n\t\t\t\t<div class=\"elementor-widget-container\">\n\t\t\t\t\t\t\t\t\t<p>El Faro de La Restinga, SL, en aplicaci\u00f3n de la normativa vigente en materia de\u00a0<a href=\"https:\/\/protecciondatos-lopd.com\/auditoria\/proteccion-datos\/\">protecci\u00f3n de datos<\/a>\u00a0de car\u00e1cter personal, informa que los datos personales que se recogen a trav\u00e9s de los formularios del Sitio web: https:\/\/fincalaurraca.com, se incluyen en los ficheros automatizados espec\u00edficos de usuarios de los servicios de El Faro de La Restinga, SL<\/p><p>La recogida y tratamiento automatizado de los datos de car\u00e1cter personal tiene como finalidad el mantenimiento de la relaci\u00f3n comercial y el desempe\u00f1o de tareas de informaci\u00f3n, formaci\u00f3n, asesoramiento y otras actividades propias de El Faro de La Restinga, SL<\/p><p>Estos datos \u00fanicamente ser\u00e1n cedidos a aquellas entidades que sean necesarias con el \u00fanico objetivo de dar cumplimiento a la finalidad anteriormente expuesta.<\/p><p>El Faro de La Restinga, SL adopta las medidas necesarias para garantizar la seguridad, integridad y confidencialidad de los datos conforme a lo dispuesto en el Reglamento (UE) 2016\/679 del Parlamento Europeo y del Consejo, de 27 de abril de 2016, relativo a la protecci\u00f3n de las personas f\u00edsicas en lo que respecta al tratamiento de datos personales y a la libre circulaci\u00f3n de los mismos, y derogando la antigua LOPD, la nueva Ley Org\u00e1nica 3\/2018, de 5 diciembre, de Protecci\u00f3n de Datos y Garant\u00eda de los Derechos Digitales (LOPDGDD).<\/p><p>El usuario podr\u00e1 en cualquier momento ejercitar los derechos de acceso, oposici\u00f3n, rectificaci\u00f3n, cancelaci\u00f3n, limitaci\u00f3n y portabilidad reconocidos en el citado Reglamento (UE). El ejercicio de estos derechos puede realizarlo el propio usuario a trav\u00e9s de email a: sara@elfarodelarestinga.com o en la direcci\u00f3n: C\/ Luis Cabrera, 92, Bajo Izda, C.P. 28002 &#8211; Madrid (Madrid).<\/p><p>El usuario manifiesta que todos los datos facilitados por \u00e9l son ciertos y correctos, y se compromete a mantenerlos actualizados, comunicando los cambios a El Faro de La Restinga, SL<\/p><p><strong>\u00a0<\/strong><\/p><p><strong>Finalidad del tratamiento de los datos personales:<\/strong><\/p><p><strong>\u00a0<\/strong><\/p><p><strong>\u00bfCon qu\u00e9 finalidad trataremos tus datos personales?<\/strong><\/p><p>En El Faro de La Restinga, SL, trataremos tus datos personales recabados a trav\u00e9s del Sitio Web: https:\/\/fincalaurraca.com, con las siguientes finalidades:<\/p><ol><li><span style=\"color: var( --e-global-color-text ); font-family: var( --e-global-typography-text-font-family ), Sans-serif; font-weight: var( --e-global-typography-text-font-weight );\">Env\u00edo de informaci\u00f3n comercial y boletines sobre nuevos servicios ofrecidos en la web y del sector.<\/span><\/li><li><span style=\"color: var( --e-global-color-text ); font-family: var( --e-global-typography-text-font-family ), Sans-serif; font-weight: var( --e-global-typography-text-font-weight );\">Enviar informaci\u00f3n promocional v\u00eda electr\u00f3nica.<\/span><\/li><li><span style=\"color: var( --e-global-color-text ); font-family: var( --e-global-typography-text-font-family ), Sans-serif; font-weight: var( --e-global-typography-text-font-weight );\">Facilitar la informaci\u00f3n solicitada por el usuario a trav\u00e9s del formulario de contacto.<\/span><\/li><\/ol><p>Te recordamos que puedes oponerte al env\u00edo de comunicaciones comerciales por cualquier v\u00eda y en cualquier momento, remitiendo un correo electr\u00f3nico a la direcci\u00f3n anteriormente indicada.<\/p><p>Los campos de dichos registros son de cumplimentaci\u00f3n obligatoria, siendo imposible realizar las finalidades expresadas si no se aportan esos datos.<\/p><p><strong>\u00bfPor cu\u00e1nto tiempo se conservan los datos personales recabados?<\/strong><\/p><p>Los datos personales proporcionados se conservar\u00e1n mientras se mantenga la relaci\u00f3n comercial o no solicites su supresi\u00f3n y durante el plazo por el cu\u00e1l pudieran derivarse responsabilidades legales por los servicios prestados.<\/p><p><b>Legitimaci\u00f3n:<\/b><\/p><p>El tratamiento de tus datos se realiza con las siguientes bases jur\u00eddicas que legitiman el mismo:<\/p><ol><li>La solicitud de informaci\u00f3n y\/o la contrataci\u00f3n de los servicios de El Faro de La Restinga, SL, cuyos t\u00e9rminos y condiciones se pondr\u00e1n a tu disposici\u00f3n en todo caso, de forma previa a una eventual contrataci\u00f3n.<\/li><li>El consentimiento libre, espec\u00edfico, informado e inequ\u00edvoco, en tanto que te informamos poniendo a tu disposici\u00f3n la presente pol\u00edtica de privacidad, que tras la lectura de la misma, en caso de estar conforme, puedes aceptar mediante una declaraci\u00f3n o una clara acci\u00f3n afirmativa, como el marcado de una casilla dispuesta al efecto.<\/li><\/ol><p>En caso de que no nos facilites tus datos o lo hagas de forma err\u00f3nea o incompleta, no podremos atender tu solicitud, resultando del todo imposible proporcionarte la informaci\u00f3n solicitada o llevar a cabo la contrataci\u00f3n de los servicios.<\/p><p><b>Destinatarios:<\/b><\/p><p>Los datos no se comunicar\u00e1n a ning\u00fan tercero ajeno a El Faro de La Restinga, SL, salvo obligaci\u00f3n legal.<\/p><p><b>Datos recopilados por usuarios de los servicios<\/b><\/p><p>En los casos en que el usuario incluya ficheros con datos de car\u00e1cter personal en los servidores de alojamiento compartido, El Faro de La Restinga, SL no se hace responsable del incumplimiento por parte del usuario del RGPD.<\/p><p><b>Derechos propiedad intelectual https:\/\/fincalaurraca.com<\/b><\/p><p>El Faro de La Restinga, SL es titular de todos los derechos de autor, propiedad intelectual, industrial, \u00abknow how\u00bb y cuantos otros derechos guardan relaci\u00f3n con los contenidos del sitio web https:\/\/fincalaurraca.com y los servicios ofertados en el mismo, as\u00ed como de los programas necesarios para su implementaci\u00f3n y la informaci\u00f3n relacionada.<\/p><p>No se permite la reproducci\u00f3n, publicaci\u00f3n y\/o uso no estrictamente privado de los contenidos, totales o parciales, del sitio web https:\/\/fincalaurraca.com sin el consentimiento previo y por escrito.<\/p><p><b>Propiedad intelectual del software<\/b><\/p><p>El usuario debe respetar los programas de terceros puestos a su disposici\u00f3n por El Faro de La Restinga, SL, a\u00fan siendo gratuitos y\/o de disposici\u00f3n p\u00fablica.<\/p><p>El Faro de La Restinga, SL dispone de los derechos de explotaci\u00f3n y propiedad intelectual necesarios del software.<\/p><p>El usuario no adquiere derecho alguno o licencia por el servicio contratado, sobre el software necesario para la prestaci\u00f3n del servicio, ni tampoco sobre la informaci\u00f3n t\u00e9cnica de seguimiento del servicio, excepci\u00f3n hecha de los derechos y licencias necesarios para el cumplimiento de los servicios contratados y \u00fanicamente durante la duraci\u00f3n de los mismos.<\/p><p>Para toda actuaci\u00f3n que exceda del cumplimiento del contrato, el usuario necesitar\u00e1 autorizaci\u00f3n por escrito por parte de El Faro de La Restinga, SL, quedando prohibido al usuario acceder, modificar, visualizar la configuraci\u00f3n, estructura y ficheros de los servidores propiedad de El Faro de La Restinga, SL, asumiendo la responsabilidad civil y penal derivada de cualquier incidencia que se pudiera producir en los servidores y sistemas de seguridad como consecuencia directa de una actuaci\u00f3n negligente o maliciosa por su parte.<\/p><p><b>Propiedad intelectual de los contenidos alojados<\/b><\/p><p>Se proh\u00edbe el uso contrario a la legislaci\u00f3n sobre propiedad intelectual de los servicios prestados por El Faro de La Restinga, SL y, en particular de:<\/p><ol><li>La utilizaci\u00f3n que resulte contraria a las leyes espa\u00f1olas o que infrinja los derechos de terceros.<\/li><li>La publicaci\u00f3n o la transmisi\u00f3n de cualquier contenido que, a juicio de El Faro de La Restinga, SL, resulte violento, obsceno, abusivo, ilegal, racial, xen\u00f3fobo o difamatorio.<\/li><li>Los cracks, n\u00fameros de serie de programas o cualquier otro contenido que vulnere derechos de la propiedad intelectual de terceros.<\/li><li>La recogida y\/o utilizaci\u00f3n de datos personales de otros usuarios sin su consentimiento expreso o contraviniendo lo dispuesto en el Reglamento (UE) 2016\/679 del Parlamento Europeo y del Consejo, de 27 de abril de 2016, relativo a la protecci\u00f3n de las personas f\u00edsicas en lo que respecta al tratamiento de datos personales y a la libre circulaci\u00f3n de los mismos.<\/li><li>La utilizaci\u00f3n del servidor de correo del dominio y de las direcciones de correo electr\u00f3nico para el env\u00edo de correo masivo no deseado.<\/li><\/ol><p>El usuario tiene toda la responsabilidad sobre el contenido de su web, la informaci\u00f3n transmitida y almacenada, los enlaces de hipertexto, las reivindicaciones de terceros y las acciones legales en referencia a propiedad intelectual, derechos de terceros y protecci\u00f3n de menores.<\/p><p>El usuario es responsable respecto a las leyes y reglamentos en vigor y las reglas que tienen que ver con el funcionamiento del servicio online, comercio electr\u00f3nico, derechos de autor, mantenimiento del orden p\u00fablico, as\u00ed como principios universales de uso de Internet.<\/p><p>El usuario indemnizar\u00e1 a El Faro de La Restinga, SL por los gastos que generara la imputaci\u00f3n de El Faro de La Restinga, SL en alguna causa cuya responsabilidad fuera atribuible al usuario, incluidos honorarios y gastos de defensa jur\u00eddica, incluso en el caso de una decisi\u00f3n judicial no definitiva.<\/p><p><b>Protecci\u00f3n de la informaci\u00f3n alojada<\/b><\/p><p>El Faro de La Restinga, SL realiza copias de seguridad de los contenidos alojados en sus servidores, sin embargo no se responsabiliza de la p\u00e9rdida o el borrado accidental de los datos por parte de los usuarios. De igual manera, no garantiza la reposici\u00f3n total de los datos borrados por los usuarios, ya que los citados datos podr\u00edan haber sido suprimidos y\/o modificados durante el periodo del tiempo transcurrido desde la \u00faltima copia de seguridad.<\/p><p>Los servicios ofertados, excepto los servicios espec\u00edficos de backup, no incluyen la reposici\u00f3n de los contenidos conservados en las copias de seguridad realizadas por El Faro de La Restinga, SL, cuando esta p\u00e9rdida sea imputable al usuario; en este caso, se determinar\u00e1 una tarifa acorde a la complejidad y volumen de la recuperaci\u00f3n, siempre previa aceptaci\u00f3n del usuario.<\/p><p>La reposici\u00f3n de datos borrados s\u00f3lo est\u00e1 incluida en el precio del servicio cuando la p\u00e9rdida del contenido sea debida a causas atribuibles a El Faro de La Restinga, SL.<\/p><p><b>Comunicaciones comerciales<\/b><\/p><p>En aplicaci\u00f3n de la LSSI. El Faro de La Restinga, SL no enviar\u00e1 comunicaciones publicitarias o promocionales por correo electr\u00f3nico u otro medio de comunicaci\u00f3n electr\u00f3nica equivalente que previamente no hubieran sido solicitadas o expresamente autorizadas por los destinatarios de las mismas.<\/p><p>En el caso de usuarios con los que exista una relaci\u00f3n contractual previa, El Faro de La Restinga, SL s\u00ed est\u00e1 autorizado al env\u00edo de comunicaciones comerciales referentes a productos o servicios de El Faro de La Restinga, SL que sean similares a los que inicialmente fueron objeto de contrataci\u00f3n con el cliente.<\/p><p>En todo caso, el usuario, tras acreditar su identidad, podr\u00e1 solicitar que no se le haga llegar m\u00e1s informaci\u00f3n comercial a trav\u00e9s de los canales de Atenci\u00f3n al Cliente.<\/p><p><strong>\u00a0<\/strong><\/p><p><strong>Pol\u00edtica de cookies<\/strong><\/p><p>El Faro de La Restinga, SL informa acerca del uso de las cookies en su p\u00e1gina web: https:\/\/fincalaurraca.com<\/p><p><strong>\u00bfQu\u00e9 son las cookies?<\/strong><\/p><p>Las cookies son archivos que se pueden descargar en su equipo a trav\u00e9s de las p\u00e1ginas web. Son herramientas que tienen un papel esencial para la prestaci\u00f3n de numerosos servicios de la sociedad de la informaci\u00f3n. Entre otros, permiten a una p\u00e1gina web almacenar y recuperar informaci\u00f3n sobre los h\u00e1bitos de navegaci\u00f3n de un usuario o de su equipo y, dependiendo de la informaci\u00f3n obtenida, se pueden utilizar para reconocer al usuario y mejorar el servicio ofrecido.<\/p><p><strong>Tipos de cookies<\/strong><\/p><p>Seg\u00fan quien sea la entidad que gestione el dominio desde donde se env\u00edan las cookies y trate los datos que se obtengan se pueden distinguir dos tipos:<\/p><ul><li>Cookies propias: Aqu\u00e9llas que se env\u00edan al equipo terminal del usuario desde un equipo o dominio gestionado por el propio editor y desde el que se presta el servicio solicitado por el usuario.<\/li><li>Cookies de terceros: Aqu\u00e9llas que se env\u00edan al equipo terminal del usuario desde un equipo o dominio que no es gestionado por el editor, sino por otra entidad que trata los datos obtenidos trav\u00e9s de las cookies.<\/li><\/ul><p>En el caso de que las cookies sean instaladas desde un equipo o dominio gestionado por el propio editor pero la informaci\u00f3n que se recoja mediante \u00e9stas sea gestionada por un tercero, no pueden ser consideradas como cookies propias.<\/p><p>Existe tambi\u00e9n una segunda clasificaci\u00f3n seg\u00fan el plazo de tiempo que permanecen almacenadas en el navegador del cliente, pudiendo tratarse de:<\/p><ul><li>Cookies de sesi\u00f3n: Dise\u00f1adas para recabar y almacenar datos mientras el usuario accede a una p\u00e1gina web. Se suelen emplear para almacenar informaci\u00f3n que solo interesa conservar para la prestaci\u00f3n del servicio solicitado por el usuario en una sola ocasi\u00f3n (p.e. una lista de productos adquiridos).<\/li><li>Cookies persistentes: Los datos siguen almacenados en el terminal y pueden ser accedidos y tratados durante un periodo definido por el responsable de la cookie, y que puede ir de unos minutos a varios a\u00f1os.<\/li><\/ul><p>Por \u00faltimo, existe otra clasificaci\u00f3n con seis tipos de cookies seg\u00fan la finalidad para la que se traten los datos obtenidos:<\/p><ul><li>Cookies t\u00e9cnicas: Aquellas que permiten al usuario la navegaci\u00f3n a trav\u00e9s de una p\u00e1gina web, plataforma o aplicaci\u00f3n y la utilizaci\u00f3n de las diferentes opciones o servicios que en ella existan como, por ejemplo, controlar el tr\u00e1fico y la comunicaci\u00f3n de datos, identificar la sesi\u00f3n, acceder a partes de acceso restringido, recordar los elementos que integran un pedido, realizar el proceso de compra de un pedido, realizar la solicitud de inscripci\u00f3n o participaci\u00f3n en un evento, utilizar elementos de seguridad durante la navegaci\u00f3n, almacenar contenidos para la difusi\u00f3n de v\u00eddeos o sonido o compartir contenidos a trav\u00e9s de redes sociales.<\/li><li>Cookies de personalizaci\u00f3n: Permiten al usuario acceder al servicio con algunas caracter\u00edsticas de car\u00e1cter general predefinidas en funci\u00f3n de una serie de criterios en el terminal del usuario como por ejemplo serian el idioma, el tipo de navegador a trav\u00e9s del cual accede al servicio, la configuraci\u00f3n regional desde donde accede al servicio, etc.<\/li><li>Cookies de an\u00e1lisis: Permiten al responsable de las mismas, el seguimiento y an\u00e1lisis del comportamiento de los usuarios de los sitios web a los que est\u00e1n vinculadas. La informaci\u00f3n recogida mediante este tipo de cookies se utiliza en la medici\u00f3n de la actividad de los sitios web, aplicaci\u00f3n o plataforma y para la elaboraci\u00f3n de perfiles de navegaci\u00f3n de los usuarios de dichos sitios, aplicaciones y plataformas, con el fin de introducir mejoras en funci\u00f3n del an\u00e1lisis de los datos de uso que hacen los usuarios del servicio.<\/li><li>Cookies publicitarias: Permiten la gesti\u00f3n, de la forma m\u00e1s eficaz posible, de los espacios publicitarios.<\/li><li>Cookies de publicidad comportamental: Almacenan informaci\u00f3n del comportamiento de los usuarios obtenida a trav\u00e9s de la observaci\u00f3n continuada de sus h\u00e1bitos de navegaci\u00f3n, lo que permite desarrollar un perfil espec\u00edfico para mostrar publicidad en funci\u00f3n del mismo.<\/li><li>Cookies de redes sociales externas: Se utilizan para que los visitantes puedan interactuar con el contenido de diferentes plataformas sociales (facebook, youtube, twitter, linkedIn, etc..) y que se generen \u00fanicamente para los usuarios de dichas redes sociales. Las condiciones de utilizaci\u00f3n de estas cookies y la informaci\u00f3n recopilada se regula por la pol\u00edtica de privacidad de la plataforma social correspondiente.<\/li><\/ul><p><strong>Desactivaci\u00f3n y eliminaci\u00f3n de cookies<\/strong><\/p><p>Tienes la opci\u00f3n de permitir, bloquear o eliminar las cookies instaladas en tu equipo mediante la configuraci\u00f3n de las opciones del navegador instalado en su equipo. Al desactivar cookies, algunos de los servicios disponibles podr\u00edan dejar de estar operativos. La forma de deshabilitar las cookies es diferente para cada navegador, pero normalmente puede hacerse desde el men\u00fa Herramientas u Opciones. Tambi\u00e9n puede consultarse el men\u00fa de Ayuda del navegador d\u00f3nde puedes encontrar instrucciones. El usuario podr\u00e1 en cualquier momento elegir qu\u00e9 cookies quiere que funcionen en este sitio web.<\/p><p>Puede usted permitir, bloquear o eliminar las cookies instaladas en su equipo mediante la configuraci\u00f3n de las opciones del navegador instalado en su ordenador:<\/p><ul><li>Microsoft Internet Explorer o Microsoft Edge: http:\/\/windows.microsoft.com\/es-es\/windows-vista\/Block-or-allow-cookies<\/li><li>Mozilla Firefox: http:\/\/support.mozilla.org\/es\/kb\/impedir-que-los-sitios-web-guarden-sus-preferencia<\/li><li>Chrome: https:\/\/support.google.com\/accounts\/answer\/61416?hl=es<\/li><li>Safari: http:\/\/safari.helpmax.net\/es\/privacidad-y-seguridad\/como-gestionar-las-cookies\/<\/li><li>Opera: http:\/\/help.opera.com\/Linux\/10.60\/es-ES\/cookies.html<\/li><\/ul><p>Adem\u00e1s, tambi\u00e9n puede gestionar el almac\u00e9n de cookies en su navegador a trav\u00e9s de herramientas como las siguientes:<\/p><ul><li>Ghostery: www.ghostery.com<\/li><li>Your Online Choices: www.youronlinechoices.com\/es\/<\/li><\/ul><p>Cookies utilizadas en https:\/\/fincalaurraca.com<\/p><p>A continuaci\u00f3n se identifican las cookies que est\u00e1n siendo utilizadas en este portal as\u00ed como su tipolog\u00eda y funci\u00f3n:<\/p><ul><li>sbjs_migrations<ul><li>Duraci\u00f3n: Sesi\u00f3n<\/li><li>Descripci\u00f3n: Esta cookie se utiliza para rastrear las interacciones del usuario y la migraci\u00f3n entre diferentes p\u00e1ginas o secciones del sitio web para mejorar la experiencia del usuario y los an\u00e1lisis de rendimiento del sitio web.<\/li><li>Tipo: Propia<\/li><li>Finalidad: T\u00e9cnica<\/li><\/ul><\/li><li>sbjs_current_add<ul><li>Duraci\u00f3n: Sesi\u00f3n<\/li><li>Descripci\u00f3n: Esta cookie se utiliza para almacenar informaci\u00f3n sobre la visita actual para distinguir entre usuarios y sesiones. Suele incluir detalles como la fuente de tr\u00e1fico, los datos de la campa\u00f1a y el comportamiento del usuario para ayudar en el seguimiento y an\u00e1lisis de la eficacia de las campa\u00f1as de marketing.<\/li><li>Tipo: Propia<\/li><li>Finalidad: Personalizaci\u00f3n<\/li><\/ul><\/li><li>sbjs_first_add<ul><li>Duraci\u00f3n: Sesi\u00f3n<\/li><li>Descripci\u00f3n: Esta cookie se utiliza para almacenar detalles sobre la primera visita del usuario al sitio web, incluida la marca de tiempo, el sitio de referencia y la fuente del tr\u00e1fico, para evaluar la eficacia de las campa\u00f1as de marketing y las fuentes del sitio web.<\/li><li>Tipo: Propia<\/li><li>Finalidad: Anal\u00edtica<\/li><\/ul><\/li><li>sbjs_current<ul><li>Duraci\u00f3n: Sesi\u00f3n<\/li><li>Descripci\u00f3n: Esta cookie se utiliza para realizar un seguimiento de las actividades e interacciones de los usuarios en el sitio web con el fin de facilitar un mejor an\u00e1lisis y comprensi\u00f3n de las fuentes de tr\u00e1fico y el comportamiento de los usuarios.<\/li><li>Tipo: Propia<\/li><li>Finalidad: Anal\u00edtica<\/li><\/ul><\/li><li>sbjs_first<ul><li>Duraci\u00f3n: Sesi\u00f3n<\/li><li>Descripci\u00f3n: Esta cookie se utiliza para almacenar informaci\u00f3n sobre la primera sesi\u00f3n del usuario en el sitio web. Registra detalles como la fuente de la que procede el usuario, la ruta que sigui\u00f3, el motor de b\u00fasqueda y la palabra clave que utiliz\u00f3, as\u00ed como su ubicaci\u00f3n en el momento de la primera visita. Esta informaci\u00f3n se utiliza para analizar y mejorar el rendimiento del sitio web mediante la comprensi\u00f3n del comportamiento del usuario. Traducci\u00f3n realizada con la versi\u00f3n gratuita del traductor DeepL.com<\/li><li>Tipo: Propia<\/li><li>Finalidad: Publicitaria<\/li><\/ul><\/li><li>sbjs_udata<ul><li>Duraci\u00f3n: Sesi\u00f3n<\/li><li>Descripci\u00f3n: Esta cookie se utiliza para almacenar datos espec\u00edficos del usuario para ayudar a supervisar y analizar la eficacia de las campa\u00f1as publicitarias y optimizar la experiencia del usuario en el sitio web.<\/li><li>Tipo: Propia<\/li><li>Finalidad: Publicitaria<\/li><\/ul><\/li><li>sbjs_session<ul><li>Duraci\u00f3n: 30 minutos<\/li><li>Descripci\u00f3n: Esta cookie se utiliza para rastrear la actividad y las sesiones del usuario con el fin de mejorar el rendimiento y la facilidad de uso del sitio web, ayudando a comprender c\u00f3mo interact\u00faan los visitantes con el sitio web.<\/li><li>Tipo: Propia<\/li><li>Finalidad: Publicitaria<\/li><\/ul><\/li><\/ul><p>https:\/\/fincalaurraca.com muestra informaci\u00f3n sobre su Pol\u00edtica de cookies en la parte inferior o superior de cualquier p\u00e1gina del portal con cada inicio de sesi\u00f3n.<\/p><p>Ante esta informaci\u00f3n es posible llevar a cabo las siguientes acciones:<\/p><ul><li>Aceptar cookies: No se volver\u00e1 a visualizar este aviso al acceder a cualquier p\u00e1gina del portal durante la presente sesi\u00f3n.<\/li><li>Modificar\/personalizar su configuraci\u00f3n: Podr\u00e1 obtener m\u00e1s informaci\u00f3n sobre qu\u00e9 son las cookies, conocer la Pol\u00edtica de cookies de: https:\/\/fincalaurraca.com y modificar la configuraci\u00f3n de su navegador<\/li><\/ul>\t\t\t\t\t\t\t\t<\/div>\n\t\t\t\t<\/div>\n\t\t\t\t\t<\/div>\n\t\t<\/div>\n\t\t\t\t<div class=\"elementor-column elementor-col-50 elementor-top-column elementor-element elementor-element-9e1a7ad\" data-id=\"9e1a7ad\" data-element_type=\"column\" data-e-type=\"column\" data-settings=\"{&quot;background_background&quot;:&quot;classic&quot;}\">\n\t\t\t<div class=\"elementor-widget-wrap\">\n\t\t\t\t\t\t\t<\/div>\n\t\t<\/div>\n\t\t\t\t\t<\/div>\n\t\t<\/section>\n\t\t<div class=\"elementor-element elementor-element-cf9c5b2 e-flex e-con-boxed e-con e-parent\" data-id=\"cf9c5b2\" data-element_type=\"container\" data-e-type=\"container\" data-settings=\"{&quot;background_background&quot;:&quot;classic&quot;}\">\n\t\t\t\t\t<div class=\"e-con-inner\">\n\t\t\t\t<div class=\"elementor-element elementor-element-7816836 elementor-widget-divider--view-line elementor-widget elementor-widget-divider\" data-id=\"7816836\" data-element_type=\"widget\" data-e-type=\"widget\" data-widget_type=\"divider.default\">\n\t\t\t\t<div class=\"elementor-widget-container\">\n\t\t\t\t\t\t\t<div class=\"elementor-divider\">\n\t\t\t<span class=\"elementor-divider-separator\">\n\t\t\t\t\t\t<\/span>\n\t\t<\/div>\n\t\t\t\t\t\t<\/div>\n\t\t\t\t<\/div>\n\t\t\t\t\t<\/div>\n\t\t\t\t<\/div>\n\t\t\t\t<\/div>\n\t\t","protected":false},"excerpt":{"rendered":"<p>Pol\u00edtica de privacidad El Faro de La Restinga, SL, en aplicaci\u00f3n de la normativa vigente en materia de\u00a0protecci\u00f3n de datos\u00a0de car\u00e1cter personal, informa que los datos personales que se recogen a trav\u00e9s de los formularios del Sitio web: https:\/\/fincalaurraca.com, se incluyen en los ficheros automatizados espec\u00edficos de usuarios de los servicios de El Faro de [&hellip;]<\/p>\n","protected":false},"author":1,"featured_media":0,"parent":0,"menu_order":0,"comment_status":"closed","ping_status":"closed","template":"","meta":{"footnotes":""},"class_list":["post-13827","page","type-page","status-publish","hentry"],"_links":{"self":[{"href":"https:\/\/fincalaurraca.com\/index.php\/wp-json\/wp\/v2\/pages\/13827","targetHints":{"allow":["GET"]}}],"collection":[{"href":"https:\/\/fincalaurraca.com\/index.php\/wp-json\/wp\/v2\/pages"}],"about":[{"href":"https:\/\/fincalaurraca.com\/index.php\/wp-json\/wp\/v2\/types\/page"}],"author":[{"embeddable":true,"href":"https:\/\/fincalaurraca.com\/index.php\/wp-json\/wp\/v2\/users\/1"}],"replies":[{"embeddable":true,"href":"https:\/\/fincalaurraca.com\/index.php\/wp-json\/wp\/v2\/comments?post=13827"}],"version-history":[{"count":22,"href":"https:\/\/fincalaurraca.com\/index.php\/wp-json\/wp\/v2\/pages\/13827\/revisions"}],"predecessor-version":[{"id":14681,"href":"https:\/\/fincalaurraca.com\/index.php\/wp-json\/wp\/v2\/pages\/13827\/revisions\/14681"}],"wp:attachment":[{"href":"https:\/\/fincalaurraca.com\/index.php\/wp-json\/wp\/v2\/media?parent=13827"}],"curies":[{"name":"wp","href":"https:\/\/api.w.org\/{rel}","templated":true}]}}