{"id":14021,"date":"2024-10-17T11:51:22","date_gmt":"2024-10-17T11:51:22","guid":{"rendered":"https:\/\/fincalaurraca.com\/2024\/?page_id=14021"},"modified":"2025-01-24T09:49:29","modified_gmt":"2025-01-24T09:49:29","slug":"manifesto-la-urraca","status":"publish","type":"page","link":"https:\/\/fincalaurraca.com\/index.php\/manifesto-la-urraca\/","title":{"rendered":"Manifesto La Urraca"},"content":{"rendered":"\t\t<div data-elementor-type=\"wp-page\" data-elementor-id=\"14021\" class=\"elementor elementor-14021\">\n\t\t\t\t<div class=\"elementor-element elementor-element-180a6f3 e-con-full e-flex e-con e-parent\" data-id=\"180a6f3\" data-element_type=\"container\" data-e-type=\"container\">\n\t\t\t\t<div class=\"elementor-element elementor-element-bdf925e elementor-widget elementor-widget-image\" data-id=\"bdf925e\" data-element_type=\"widget\" data-e-type=\"widget\" data-widget_type=\"image.default\">\n\t\t\t\t<div class=\"elementor-widget-container\">\n\t\t\t\t\t\t\t\t\t\t\t\t\t\t\t<img fetchpriority=\"high\" decoding=\"async\" width=\"1900\" height=\"938\" src=\"https:\/\/fincalaurraca.com\/wp-content\/uploads\/2024\/07\/Contacto-2.jpg\" class=\"attachment-full size-full wp-image-13663\" alt=\"\" srcset=\"https:\/\/fincalaurraca.com\/wp-content\/uploads\/2024\/07\/Contacto-2.jpg 1900w, https:\/\/fincalaurraca.com\/wp-content\/uploads\/2024\/07\/Contacto-2-300x148.jpg 300w, https:\/\/fincalaurraca.com\/wp-content\/uploads\/2024\/07\/Contacto-2-1024x506.jpg 1024w, https:\/\/fincalaurraca.com\/wp-content\/uploads\/2024\/07\/Contacto-2-768x379.jpg 768w, https:\/\/fincalaurraca.com\/wp-content\/uploads\/2024\/07\/Contacto-2-1536x758.jpg 1536w, https:\/\/fincalaurraca.com\/wp-content\/uploads\/2024\/07\/Contacto-2-600x296.jpg 600w\" sizes=\"(max-width: 1900px) 100vw, 1900px\" \/>\t\t\t\t\t\t\t\t\t\t\t\t\t\t\t<\/div>\n\t\t\t\t<\/div>\n\t\t\t\t<\/div>\n\t\t\t\t<section class=\"elementor-section elementor-top-section elementor-element elementor-element-5780d95 qodef-elementor-content-grid elementor-section-stretched elementor-section-boxed elementor-section-height-default elementor-section-height-default\" data-id=\"5780d95\" data-element_type=\"section\" data-e-type=\"section\" data-settings=\"{&quot;stretch_section&quot;:&quot;section-stretched&quot;,&quot;background_background&quot;:&quot;classic&quot;}\">\n\t\t\t\t\t\t<div class=\"elementor-container elementor-column-gap-default\">\n\t\t\t\t\t<div class=\"elementor-column elementor-col-50 elementor-top-column elementor-element elementor-element-845d147\" data-id=\"845d147\" data-element_type=\"column\" data-e-type=\"column\" data-settings=\"{&quot;background_background&quot;:&quot;classic&quot;}\">\n\t\t\t<div class=\"elementor-widget-wrap elementor-element-populated\">\n\t\t\t\t\t\t<div class=\"elementor-element elementor-element-dfa0d5a elementor-widget elementor-widget-heading\" data-id=\"dfa0d5a\" data-element_type=\"widget\" data-e-type=\"widget\" data-widget_type=\"heading.default\">\n\t\t\t\t<div class=\"elementor-widget-container\">\n\t\t\t\t\t<span class=\"elementor-heading-title elementor-size-default\">Manifiesto Finca La Urraca<\/span>\t\t\t\t<\/div>\n\t\t\t\t<\/div>\n\t\t\t\t<div class=\"elementor-element elementor-element-e3f10cb elementor-widget elementor-widget-text-editor\" data-id=\"e3f10cb\" data-element_type=\"widget\" data-e-type=\"widget\" data-widget_type=\"text-editor.default\">\n\t\t\t\t<div class=\"elementor-widget-container\">\n\t\t\t\t\t\t\t\t\t<p><span style=\"background-color: #ffffff; font-weight: bolder; color: var( --e-global-color-text );\">N\u00ba1:\u00a0<\/span>Nos interesa el bienestar de nuestros cerdos, su calidad de vida y su derecho a una muerte digna.<\/p><p><strong>N\u00ba2:<\/strong> En la crianza de nuestros cerdos nos inspiran siglos de conocimiento y dedicaci\u00f3n. Creemos en la naturaleza y en la tradici\u00f3n, sobre todo cuando van de la mano.<\/p><p><strong>N\u00ba3:<\/strong> Nos inspira el amor por la Dehesa, un ecosistema \u00fanico en el mundo formado por bosques de encinas y alcornoques, por eso nos esforzamos en mejorarla mediante pr\u00e1cticas sostenibles como la reforestaci\u00f3n y mejoras en el aprovechamiento del agua.<\/p><p><strong>N\u00ba4:<\/strong> Excelentes andarines que no paran, nuestros cerdos viven y se mueven con total libertad desarrollando unos fuertes m\u00fasculos y adquiriendo una proporci\u00f3n perfecta entre carne y grasa.\u00a0<\/p><p><strong>N\u00ba5:<\/strong> La bellota, fruto peque\u00f1o pero poderoso, es la clave de su alimentaci\u00f3n, el principio de todo.\u00a0 Durante la Montanera, de octubre a marzo, nuestros cerdos se alimentan exclusivamente de bellotas. El resto del a\u00f1o de lo que les da el campo, y solo en los meses duros del est\u00edo apoyamos su alimentaci\u00f3n con pienso ecol\u00f3gico.<\/p><p><strong>N\u00ba6:<\/strong> El jam\u00f3n ib\u00e9rico es una fuente impresionante de \u00e1cido oleico, conocido por sus beneficios para la salud, incluyendo la capacidad de reducir el colesterol LDL (malo) y aumentar el colesterol HCL (bueno).<\/p><p><strong>N\u00ba7:<\/strong> Nos inspiran los encuentros y las buenas conversaciones. Los ib\u00e9ricos\u00a0 est\u00e1n en nuestras recetas, en una mesa donde compartir\u2026 Forman parte de lo que aprendemos de nuestros padres y lo que ense\u00f1amos a nuestros hijos.\u00a0<\/p><p><strong>N\u00ba8:<\/strong> Nos inspira la excelencia. Maduramos nuestros jamones mediante un proceso de elaboraci\u00f3n tradicional y 100% natural, con ali\u00f1os naturales para el caso de los embutidos. Buscamos resultados y tambi\u00e9n emociones.<\/p><p><strong>N\u00ba9:<\/strong> No vendemos nada que no compartir\u00edamos con nuestro mejor amig@ y una buena botella de vino.<\/p><p><strong>N\u00ba10:<\/strong> Finca La Urraca es un lugar conectado con el medio natural, moldeado por \u00e9l. Un punto de encuentro en donde confluyen la convivencia, el cari\u00f1o y la\u00a0 profesionalidad de un equipo que ama su trabajo y su tierra. Esa es nuestra definici\u00f3n oficial y formal.<\/p><div>\u00a0<\/div>\t\t\t\t\t\t\t\t<\/div>\n\t\t\t\t<\/div>\n\t\t\t\t\t<\/div>\n\t\t<\/div>\n\t\t\t\t<div class=\"elementor-column elementor-col-50 elementor-top-column elementor-element elementor-element-9e1a7ad\" data-id=\"9e1a7ad\" data-element_type=\"column\" data-e-type=\"column\" data-settings=\"{&quot;background_background&quot;:&quot;classic&quot;}\">\n\t\t\t<div class=\"elementor-widget-wrap\">\n\t\t\t\t\t\t\t<\/div>\n\t\t<\/div>\n\t\t\t\t\t<\/div>\n\t\t<\/section>\n\t\t\t\t<\/div>\n\t\t","protected":false},"excerpt":{"rendered":"<p>Manifiesto Finca La Urraca N\u00ba1:\u00a0Nos interesa el bienestar de nuestros cerdos, su calidad de vida y su derecho a una muerte digna. N\u00ba2: En la crianza de nuestros cerdos nos inspiran siglos de conocimiento y dedicaci\u00f3n. Creemos en la naturaleza y en la tradici\u00f3n, sobre todo cuando van de la mano. N\u00ba3: Nos inspira el [&hellip;]<\/p>\n","protected":false},"author":1,"featured_media":0,"parent":0,"menu_order":0,"comment_status":"closed","ping_status":"closed","template":"","meta":{"footnotes":""},"class_list":["post-14021","page","type-page","status-publish","hentry"],"_links":{"self":[{"href":"https:\/\/fincalaurraca.com\/index.php\/wp-json\/wp\/v2\/pages\/14021","targetHints":{"allow":["GET"]}}],"collection":[{"href":"https:\/\/fincalaurraca.com\/index.php\/wp-json\/wp\/v2\/pages"}],"about":[{"href":"https:\/\/fincalaurraca.com\/index.php\/wp-json\/wp\/v2\/types\/page"}],"author":[{"embeddable":true,"href":"https:\/\/fincalaurraca.com\/index.php\/wp-json\/wp\/v2\/users\/1"}],"replies":[{"embeddable":true,"href":"https:\/\/fincalaurraca.com\/index.php\/wp-json\/wp\/v2\/comments?post=14021"}],"version-history":[{"count":44,"href":"https:\/\/fincalaurraca.com\/index.php\/wp-json\/wp\/v2\/pages\/14021\/revisions"}],"predecessor-version":[{"id":14792,"href":"https:\/\/fincalaurraca.com\/index.php\/wp-json\/wp\/v2\/pages\/14021\/revisions\/14792"}],"wp:attachment":[{"href":"https:\/\/fincalaurraca.com\/index.php\/wp-json\/wp\/v2\/media?parent=14021"}],"curies":[{"name":"wp","href":"https:\/\/api.w.org\/{rel}","templated":true}]}}